{"id":364,"date":"2017-05-18T21:23:59","date_gmt":"2017-05-18T19:23:59","guid":{"rendered":"http:\/\/new.fitronic.sk\/?page_id=364\/"},"modified":"2021-05-10T11:20:53","modified_gmt":"2021-05-10T09:20:53","slug":"referencie","status":"publish","type":"page","link":"http:\/\/fitronic.sk\/en\/referencie\/","title":{"rendered":"References"},"content":{"rendered":"<p>[vc_row][vc_column width=&#8221;1\/2&#8243;]<div class=\"standard-arrow list-divider bullet-top\"><h3>Our brand is used throughout the world by top sports centers and universities:<\/h3>\n<p>&nbsp;<\/p>\n<ul>\n<li>University of Memphis, USA<\/li>\n<li>University of Colorado, Colorado Springs,\u00a0USA<\/li>\n<li>Ryokoku University, Kyoto, Japan<\/li>\n<li>University of Salzburg,\u00a0Austria<\/li>\n<li>German Volleyball Federation<\/li>\n<li>Austrian Volleyball Federation<\/li>\n<li>Irish Rugby Union<\/li>\n<li>Institute of Physical Education, Cracow,\u00a0Poland<\/li>\n<li>University of Vienna, Austria<\/li>\n<li>University of Innsbruck, Austria<\/li>\n<li>Comenius University Bratislava, Slovakia<\/li>\n<li>Pre\u0161ov University, Slovakia<\/li>\n<li>Matej Bell University,\u00a0 Banska Bystrica, Slovakia<\/li>\n<li>Ryokoku University,\u00a0Kyoto, Japan<\/li>\n<li>Slovak Olympic Committee,<\/li>\n<li>LIKES, Jyvaskyla, Finnland<\/li>\n<li>Clinimex, Rio de Janeiro, Brasil<\/li>\n<li>Charles University, Prag,\u00a0Czech Republic<\/li>\n<li>Olympic\u00a0Training Center, Frakfurt, Germany<\/li>\n<li>Olympic Training Center, Hamburg, Germany<\/li>\n<li>Army Sport Club, Dukla Trencin, Slovakia<\/li>\n<li>Ace Cardiologia do Exerc\u00edcio, Rio de Janeiro, Brazil.<\/li>\n<\/ul>\n<\/div>[\/vc_column][vc_column width=&#8221;1\/2&#8243;]<div class=\"ult-spacer spacer-69e75d46ae41a\" data-id=\"69e75d46ae41a\" data-height=\"150\" data-height-mobile=\"50\" data-height-tab=\"\" data-height-tab-portrait=\"\" data-height-mobile-landscape=\"50\" style=\"clear:both;display:block;\"><\/div><section class=\"logos-grid wf-container\" data-width=\"180px\" data-columns=\"5\"><div class=\"wf-cell\"><div><img loading=\"lazy\" decoding=\"async\" class=\"fadeIn animate-element lazy-load\" src=\"data:image\/svg+xml;charset=utf-8,%3Csvg xmlns%3D&#039;http%3A%2F%2Fwww.w3.org%2F2000%2Fsvg&#039; viewBox%3D&#039;0 0 512 512&#039;%2F%3E\" width=\"512\" height=\"512\" alt=\"Austrian Volleyball Federation\" data-src=\"http:\/\/fitronic.sk\/wp-content\/uploads\/2017\/05\/Rak\u00faska-volajb\u00e1lov\u00e1-asoci\u00e1cia.png\" data-srcset=\"http:\/\/fitronic.sk\/wp-content\/uploads\/2017\/05\/Rak\u00faska-volajb\u00e1lov\u00e1-asoci\u00e1cia.png 512w\" \/><\/div><\/div><div class=\"wf-cell\"><div><img loading=\"lazy\" decoding=\"async\" class=\"fadeIn animate-element lazy-load\" src=\"data:image\/svg+xml;charset=utf-8,%3Csvg xmlns%3D&#039;http%3A%2F%2Fwww.w3.org%2F2000%2Fsvg&#039; viewBox%3D&#039;0 0 512 512&#039;%2F%3E\" width=\"512\" height=\"512\" alt=\"Charles University, Prague, Czech Republic\" data-src=\"http:\/\/fitronic.sk\/wp-content\/uploads\/2017\/05\/UK-5162-version1-reduk593version1graficka_podob.png\" data-srcset=\"http:\/\/fitronic.sk\/wp-content\/uploads\/2017\/05\/UK-5162-version1-reduk593version1graficka_podob.png 512w\" \/><\/div><\/div><div class=\"wf-cell\"><div><img loading=\"lazy\" decoding=\"async\" class=\"fadeIn animate-element lazy-load\" src=\"data:image\/svg+xml;charset=utf-8,%3Csvg xmlns%3D&#039;http%3A%2F%2Fwww.w3.org%2F2000%2Fsvg&#039; viewBox%3D&#039;0 0 256 256&#039;%2F%3E\" width=\"256\" height=\"256\" alt=\"Comenius University Bratislava, Slovakia\" data-srcset=\"http:\/\/fitronic.sk\/wp-content\/uploads\/2017\/05\/logo_uniba-2112212217.jpg 512w\" \/><\/div><\/div><div class=\"wf-cell\"><div><img loading=\"lazy\" decoding=\"async\" class=\"fadeIn animate-element lazy-load\" src=\"data:image\/svg+xml;charset=utf-8,%3Csvg xmlns%3D&#039;http%3A%2F%2Fwww.w3.org%2F2000%2Fsvg&#039; viewBox%3D&#039;0 0 512 512&#039;%2F%3E\" width=\"512\" height=\"512\" alt=\"German Volleyball Federation\" data-src=\"http:\/\/fitronic.sk\/wp-content\/uploads\/2017\/05\/Nemeck\u00e1-volejb\u00e1lov\u00e1-asociacia.png\" data-srcset=\"http:\/\/fitronic.sk\/wp-content\/uploads\/2017\/05\/Nemeck\u00e1-volejb\u00e1lov\u00e1-asociacia.png 512w\" \/><\/div><\/div><div class=\"wf-cell\"><div><img loading=\"lazy\" decoding=\"async\" class=\"fadeIn animate-element lazy-load\" src=\"data:image\/svg+xml;charset=utf-8,%3Csvg xmlns%3D&#039;http%3A%2F%2Fwww.w3.org%2F2000%2Fsvg&#039; viewBox%3D&#039;0 0 512 512&#039;%2F%3E\" width=\"512\" height=\"512\" alt=\"Institute of Physical Education, Cracow, Poland\" data-src=\"http:\/\/fitronic.sk\/wp-content\/uploads\/2017\/05\/logo_awf_krakow.png\" data-srcset=\"http:\/\/fitronic.sk\/wp-content\/uploads\/2017\/05\/logo_awf_krakow.png 512w\" \/><\/div><\/div><div class=\"wf-cell\"><div><img loading=\"lazy\" decoding=\"async\" class=\"fadeIn animate-element lazy-load\" src=\"data:image\/svg+xml;charset=utf-8,%3Csvg xmlns%3D&#039;http%3A%2F%2Fwww.w3.org%2F2000%2Fsvg&#039; viewBox%3D&#039;0 0 512 512&#039;%2F%3E\" width=\"512\" height=\"512\" alt=\"Irish Rugby Union\" data-src=\"http:\/\/fitronic.sk\/wp-content\/uploads\/2017\/05\/Irish-Rugby-Football-Union.png\" data-srcset=\"http:\/\/fitronic.sk\/wp-content\/uploads\/2017\/05\/Irish-Rugby-Football-Union.png 512w\" \/><\/div><\/div><div class=\"wf-cell\"><div><img loading=\"lazy\" decoding=\"async\" class=\"fadeIn animate-element lazy-load\" src=\"data:image\/svg+xml;charset=utf-8,%3Csvg xmlns%3D&#039;http%3A%2F%2Fwww.w3.org%2F2000%2Fsvg&#039; viewBox%3D&#039;0 0 512 512&#039;%2F%3E\" width=\"512\" height=\"512\" alt=\"Matej Bell University,  Banska Bystrica, Slovakia\" data-src=\"http:\/\/fitronic.sk\/wp-content\/uploads\/2017\/05\/univerzita-mateja-bela.png\" data-srcset=\"http:\/\/fitronic.sk\/wp-content\/uploads\/2017\/05\/univerzita-mateja-bela.png 512w\" \/><\/div><\/div><div class=\"wf-cell\"><div><img loading=\"lazy\" decoding=\"async\" class=\"fadeIn animate-element lazy-load\" src=\"data:image\/svg+xml;charset=utf-8,%3Csvg xmlns%3D&#039;http%3A%2F%2Fwww.w3.org%2F2000%2Fsvg&#039; viewBox%3D&#039;0 0 512 512&#039;%2F%3E\" width=\"512\" height=\"512\" alt=\"Pre\u0161ov University, Slovakia\" data-src=\"http:\/\/fitronic.sk\/wp-content\/uploads\/2017\/05\/logo_pu_cmyk-jpg.jpg\" data-srcset=\"http:\/\/fitronic.sk\/wp-content\/uploads\/2017\/05\/logo_pu_cmyk-jpg.jpg 512w\" \/><\/div><\/div><div class=\"wf-cell\"><div><img loading=\"lazy\" decoding=\"async\" class=\"fadeIn animate-element lazy-load\" src=\"data:image\/svg+xml;charset=utf-8,%3Csvg xmlns%3D&#039;http%3A%2F%2Fwww.w3.org%2F2000%2Fsvg&#039; viewBox%3D&#039;0 0 512 512&#039;%2F%3E\" width=\"512\" height=\"512\" alt=\"Ryokoku University, Japonsko\" data-src=\"http:\/\/fitronic.sk\/wp-content\/uploads\/2017\/05\/ryukoku-University.jpg\" data-srcset=\"http:\/\/fitronic.sk\/wp-content\/uploads\/2017\/05\/ryukoku-University.jpg 512w\" \/><\/div><\/div><div class=\"wf-cell\"><div><img loading=\"lazy\" decoding=\"async\" class=\"fadeIn animate-element lazy-load\" src=\"data:image\/svg+xml;charset=utf-8,%3Csvg xmlns%3D&#039;http%3A%2F%2Fwww.w3.org%2F2000%2Fsvg&#039; viewBox%3D&#039;0 0 512 512&#039;%2F%3E\" width=\"512\" height=\"512\" alt=\"Slovak Olympic Committee\" data-src=\"http:\/\/fitronic.sk\/wp-content\/uploads\/2017\/05\/Slovensk\u00fd-olympijsky-vybor.png\" data-srcset=\"http:\/\/fitronic.sk\/wp-content\/uploads\/2017\/05\/Slovensk\u00fd-olympijsky-vybor.png 512w\" \/><\/div><\/div><div class=\"wf-cell\"><div><img loading=\"lazy\" decoding=\"async\" class=\"fadeIn animate-element lazy-load\" src=\"data:image\/svg+xml;charset=utf-8,%3Csvg xmlns%3D&#039;http%3A%2F%2Fwww.w3.org%2F2000%2Fsvg&#039; viewBox%3D&#039;0 0 512 512&#039;%2F%3E\" width=\"512\" height=\"512\" alt=\"University of Colorado, USA\" data-src=\"http:\/\/fitronic.sk\/wp-content\/uploads\/2017\/05\/Colorado-University.png\" data-srcset=\"http:\/\/fitronic.sk\/wp-content\/uploads\/2017\/05\/Colorado-University.png 512w\" \/><\/div><\/div><div class=\"wf-cell\"><div><img loading=\"lazy\" decoding=\"async\" class=\"fadeIn animate-element lazy-load\" src=\"data:image\/svg+xml;charset=utf-8,%3Csvg xmlns%3D&#039;http%3A%2F%2Fwww.w3.org%2F2000%2Fsvg&#039; viewBox%3D&#039;0 0 512 512&#039;%2F%3E\" width=\"512\" height=\"512\" alt=\"University of Innsbruck, Austria\" data-src=\"http:\/\/fitronic.sk\/wp-content\/uploads\/2017\/05\/Universita-Insbruck.png\" data-srcset=\"http:\/\/fitronic.sk\/wp-content\/uploads\/2017\/05\/Universita-Insbruck.png 512w\" \/><\/div><\/div><div class=\"wf-cell\"><div><img loading=\"lazy\" decoding=\"async\" class=\"fadeIn animate-element lazy-load\" src=\"data:image\/svg+xml;charset=utf-8,%3Csvg xmlns%3D&#039;http%3A%2F%2Fwww.w3.org%2F2000%2Fsvg&#039; viewBox%3D&#039;0 0 512 512&#039;%2F%3E\" width=\"512\" height=\"512\" alt=\"University of Memphis, USA\" data-src=\"http:\/\/fitronic.sk\/wp-content\/uploads\/2017\/05\/Memphis-University.png\" data-srcset=\"http:\/\/fitronic.sk\/wp-content\/uploads\/2017\/05\/Memphis-University.png 512w\" \/><\/div><\/div><div class=\"wf-cell\"><div><img loading=\"lazy\" decoding=\"async\" class=\"fadeIn animate-element lazy-load\" src=\"data:image\/svg+xml;charset=utf-8,%3Csvg xmlns%3D&#039;http%3A%2F%2Fwww.w3.org%2F2000%2Fsvg&#039; viewBox%3D&#039;0 0 512 512&#039;%2F%3E\" width=\"512\" height=\"512\" alt=\"University of Salzburg, Rak\u00fasko\" data-src=\"http:\/\/fitronic.sk\/wp-content\/uploads\/2017\/05\/Salzburg-Logo.png\" data-srcset=\"http:\/\/fitronic.sk\/wp-content\/uploads\/2017\/05\/Salzburg-Logo.png 512w\" \/><\/div><\/div><div class=\"wf-cell\"><div><img loading=\"lazy\" decoding=\"async\" class=\"fadeIn animate-element lazy-load\" src=\"data:image\/svg+xml;charset=utf-8,%3Csvg xmlns%3D&#039;http%3A%2F%2Fwww.w3.org%2F2000%2Fsvg&#039; viewBox%3D&#039;0 0 512 512&#039;%2F%3E\" width=\"512\" height=\"512\" alt=\"University of Vienna, Austria\" data-src=\"http:\/\/fitronic.sk\/wp-content\/uploads\/2017\/05\/Universita-vieden.png\" data-srcset=\"http:\/\/fitronic.sk\/wp-content\/uploads\/2017\/05\/Universita-vieden.png 512w\" \/><\/div><\/div><\/section>[\/vc_column][\/vc_row]<\/p>\n","protected":false},"excerpt":{"rendered":"<p>[vc_row][vc_column width=&#8221;1\/2&#8243;][\/vc_column][vc_column width=&#8221;1\/2&#8243;][\/vc_column][\/vc_row]<\/p>\n","protected":false},"author":1,"featured_media":0,"parent":0,"menu_order":0,"comment_status":"closed","ping_status":"closed","template":"","meta":[],"class_list":["post-364","page","type-page","status-publish","hentry","description-off"],"_links":{"self":[{"href":"http:\/\/fitronic.sk\/en\/wp-json\/wp\/v2\/pages\/364","targetHints":{"allow":["GET"]}}],"collection":[{"href":"http:\/\/fitronic.sk\/en\/wp-json\/wp\/v2\/pages"}],"about":[{"href":"http:\/\/fitronic.sk\/en\/wp-json\/wp\/v2\/types\/page"}],"author":[{"embeddable":true,"href":"http:\/\/fitronic.sk\/en\/wp-json\/wp\/v2\/users\/1"}],"replies":[{"embeddable":true,"href":"http:\/\/fitronic.sk\/en\/wp-json\/wp\/v2\/comments?post=364"}],"version-history":[{"count":5,"href":"http:\/\/fitronic.sk\/en\/wp-json\/wp\/v2\/pages\/364\/revisions"}],"predecessor-version":[{"id":501,"href":"http:\/\/fitronic.sk\/en\/wp-json\/wp\/v2\/pages\/364\/revisions\/501"}],"wp:attachment":[{"href":"http:\/\/fitronic.sk\/en\/wp-json\/wp\/v2\/media?parent=364"}],"curies":[{"name":"wp","href":"https:\/\/api.w.org\/{rel}","templated":true}]}}